{"id":414,"date":"2024-08-19T13:49:07","date_gmt":"2024-08-19T11:49:07","guid":{"rendered":"https:\/\/dev.estadio.dk\/events\/concerts\/"},"modified":"2025-04-09T16:46:27","modified_gmt":"2025-04-09T14:46:27","slug":"concerts","status":"publish","type":"page","link":"https:\/\/estadio.dk\/en\/events\/concerts\/","title":{"rendered":"Concerts"},"content":{"rendered":"\n    <script type=\"text\/javascript\">\n      var queryString = window.location.search;\n      var urlParams = new URLSearchParams(queryString);\n      var embeddedDialog = urlParams.get('embeddedDialog');\n\n      if (!embeddedDialog) {\n        (function (w, d, s, o, f, js, fjs) {\n            w[o] = w[o] || function () { (w[o].q = w[o].q || []).push(arguments) };\n            js = d.createElement(s), fjs = d.getElementsByTagName(s)[0];\n            js.id = o; js.src = f; js.async = 1; fjs.parentNode.insertBefore(js, fjs);\n        }(window, document, 'script', 'frestoDialogWidget', 'https:\/\/shop.fresto.io\/assets\/dialog-widget\/dialog-widget.js'));\n\n        frestoDialogWidget('init', {\n          slug: 'bottega-estadio',\n          language: 'en', \/\/ 'en' | 'da' | 'it' | 'es'\n          brandColor: '#3477b6',\n          zIndexDialog: 10, \/\/ the panel z-index value\n          domain: 'https:\/\/shop.fresto.io'});\n      }\n    <\/script>\n\n    <link rel=\"stylesheet\" href=\"https:\/\/shop.fresto.io\/assets\/dialog-widget\/dialog-widget.css\">\n\n              \n    <script type=\"text\/javascript\">\n      var queryString = window.location.search;\n      var urlParams = new URLSearchParams(queryString);\n      var embeddedDialog = urlParams.get('embeddedDialog');\n\n      if (!embeddedDialog) {\n        (function (w, d, s, o, f, js, fjs) {\n            w[o] = w[o] || function () { (w[o].q = w[o].q || []).push(arguments) };\n            js = d.createElement(s), fjs = d.getElementsByTagName(s)[0];\n            js.id = o; js.src = f; js.async = 1; fjs.parentNode.insertBefore(js, fjs);\n        }(window, document, 'script', 'frestoBookingWidget', 'https:\/\/shop.fresto.io\/assets\/booking-widget\/booking-widget.js'));\n\n        frestoBookingWidget('init', {\n          slug: 'bottega-estadio',\n          language: 'en', \/\/ 'en' | 'da' | 'it' | 'es'\n          brandColor: '#3477b6',\n          buttonBgColor:'rgba(246, 242, 233, 0.8)',\n          vPosition : 'bottom', \/\/ vertical position of the widget:  'bottom' | 'top',\n          vPositionMobile : 'bottom', \/\/ vertical position of the widget on Mobile devices:  'bottom' | 'top',\n          hPosition : 'right', \/\/ horizontal position of the widget: 'left' | 'right'\n          vOffset: '24px', \/\/ distance from top or bottom according to vPosition\n          vOffsetMobile: '0', \/\/ distance from top or bottom according to vPosition on Mobile devices\n          buttonBorderRadius: '8px', \/\/ radius of the widget  panel\n          panelBorderRadius: '8px', \/\/ radius of the widget button\n          hideBoxShadow: false, \/\/ hide the shadow around the panel\n          zIndex: 10, \/\/ the panel z-index value\n          zIndexDialog: 100000, \/\/ the panel z-index value\n          showAfterScrollOffset: '0vh', \/\/ show the widget only if the page has scrolled of the defined pixels\n          buttonText: 'BOOK A TABLE',\n          buttonTextTranslations: {'en':'BOOK A TABLE','da':'Reserver en oplevelse'},\n          showTakeAway: false, \/\/ show Take-Away button on page scroll\n          showBooking: true, \/\/ show Booking button on page scroll\n          showGiftCard: false, \/\/ show Gift Card button on page scroll\n          domain: 'https:\/\/shop.fresto.io',\n          buttonTextTakeAway: 'Take-Away',\n          buttonTextTakeAwayTranslations: {'en':'Take-Away','da':'Take-Away'},\n          buttonTextGiftCard: 'Gift Card',\n          buttonTextGiftCardTranslations: {'en':'Gift Card','da':'Gift Card'},\n        });\n      }\n    <\/script>\n    <link rel=\"stylesheet\" href=\"https:\/\/shop.fresto.io\/assets\/booking-widget\/booking-widget.css\">\n\n\n<div class=\"wp-block-media-text is-stacked-on-mobile\" style=\"grid-template-columns:36% auto\"><figure class=\"wp-block-media-text__media\"><img loading=\"lazy\" decoding=\"async\" width=\"1024\" height=\"1024\" src=\"https:\/\/estadio.dk\/wp-content\/uploads\/11-1024x1024.png\" alt=\"\" class=\"wp-image-535 size-full\" srcset=\"https:\/\/estadio.dk\/wp-content\/uploads\/11-1024x1024.png 1024w, https:\/\/estadio.dk\/wp-content\/uploads\/11-300x300.png 300w, https:\/\/estadio.dk\/wp-content\/uploads\/11-150x150.png 150w, https:\/\/estadio.dk\/wp-content\/uploads\/11-768x768.png 768w, https:\/\/estadio.dk\/wp-content\/uploads\/11.png 1080w\" sizes=\"auto, (max-width: 1024px) 100vw, 1024px\" \/><\/figure><div class=\"wp-block-media-text__content\">\n<p><strong>Concert menu<\/strong><br\/><br\/>At selected concerts in Parken, we offer a special concert menu that can be enjoyed before the concert. The menu is served as shared menu at the table. <br\/><br\/>The menu changes regularly; below is an example. <em><br\/><\/em><br\/>Padr\u00f3n peppers with herb mayo.<br\/>Charcuterie with pickled chilies.<br\/>Beetroot p\u00e2t\u00e9 with sunflower seeds.<br\/>Zander ceviche with pico de gallo.<br\/>Paella with grilled giant prawns and mussels.<br\/>Apricot sorbet with white chocolate crumble and caramelized apricots.<br\/><strong>Price per person 450,-<\/strong><\/p>\n\n\n\n<p><\/p>\n\n\n\n<p>On this page, you will find an overview of when we offer the concert menu.<\/p>\n\n\n\n<p> <em>There are currently no concerts.<\/em><\/p>\n<\/div><\/div>\n","protected":false},"excerpt":{"rendered":"<p>Concert menu At selected concerts in Parken, we offer a special concert menu that can be enjoyed before the concert. The menu is served as shared menu at the table. The menu changes regularly; below is an example. Padr\u00f3n peppers with herb mayo.Charcuterie with pickled chilies.Beetroot p\u00e2t\u00e9 with sunflower seeds.Zander ceviche with pico de gallo.Paella [&hellip;]<\/p>\n","protected":false},"author":3,"featured_media":0,"parent":405,"menu_order":1,"comment_status":"closed","ping_status":"closed","template":"","meta":{"footnotes":""},"class_list":["post-414","page","type-page","status-publish","hentry"],"_links":{"self":[{"href":"https:\/\/estadio.dk\/en\/wp-json\/wp\/v2\/pages\/414","targetHints":{"allow":["GET"]}}],"collection":[{"href":"https:\/\/estadio.dk\/en\/wp-json\/wp\/v2\/pages"}],"about":[{"href":"https:\/\/estadio.dk\/en\/wp-json\/wp\/v2\/types\/page"}],"author":[{"embeddable":true,"href":"https:\/\/estadio.dk\/en\/wp-json\/wp\/v2\/users\/3"}],"replies":[{"embeddable":true,"href":"https:\/\/estadio.dk\/en\/wp-json\/wp\/v2\/comments?post=414"}],"version-history":[{"count":5,"href":"https:\/\/estadio.dk\/en\/wp-json\/wp\/v2\/pages\/414\/revisions"}],"predecessor-version":[{"id":829,"href":"https:\/\/estadio.dk\/en\/wp-json\/wp\/v2\/pages\/414\/revisions\/829"}],"up":[{"embeddable":true,"href":"https:\/\/estadio.dk\/en\/wp-json\/wp\/v2\/pages\/405"}],"wp:attachment":[{"href":"https:\/\/estadio.dk\/en\/wp-json\/wp\/v2\/media?parent=414"}],"curies":[{"name":"wp","href":"https:\/\/api.w.org\/{rel}","templated":true}]}}